{"id":77,"date":"2022-10-17T07:03:13","date_gmt":"2022-10-17T07:03:13","guid":{"rendered":"https:\/\/dg4vet.ausiasmarch.net\/?page_id=77"},"modified":"2024-03-01T19:38:14","modified_gmt":"2024-03-01T19:38:14","slug":"services","status":"publish","type":"page","link":"https:\/\/dg4vet.ausiasmarch.net\/?page_id=77","title":{"rendered":"Digital Skills"},"content":{"rendered":"\n<div class=\"wp-block-uagb-advanced-heading uagb-block-6e681d21\"><h2 class=\"uagb-heading-text\">Digital Skills<\/h2><\/div>\n\n\n\n<div class=\"wp-block-uagb-container uagb-block-366185a0 alignfull uagb-is-root-container\"><div class=\"uagb-container-inner-blocks-wrap\">\n<div class=\"wp-block-uagb-info-box uagb-block-dfc08adc uagb-infobox__content-wrap  uagb-infobox-icon-above-title uagb-infobox-image-valign-top\"><div class=\"uagb-ifb-content\"><div class=\"uagb-ifb-icon-wrap\"><svg xmlns=\"https:\/\/www.w3.org\/2000\/svg\" viewBox=\"0 0 512 512\"><path d=\"M0 256C0 114.6 114.6 0 256 0C397.4 0 512 114.6 512 256C512 397.4 397.4 512 256 512C114.6 512 0 397.4 0 256zM371.8 211.8C382.7 200.9 382.7 183.1 371.8 172.2C360.9 161.3 343.1 161.3 332.2 172.2L224 280.4L179.8 236.2C168.9 225.3 151.1 225.3 140.2 236.2C129.3 247.1 129.3 264.9 140.2 275.8L204.2 339.8C215.1 350.7 232.9 350.7 243.8 339.8L371.8 211.8z\"><\/path><\/svg><\/div><div class=\"uagb-ifb-title-wrap\"><h3 class=\"uagb-ifb-title\">Students Meeting &#8211; Porto<\/h3><\/div><p class=\"uagb-ifb-desc\"><br>Immerse yourself in our lively Erasmus meeting in Porto, Portugal, made possible by an Erasmus + project &#8211; Digigreen4vet. This event brought together students from Portugal, Germany, and Spain. The schools involved are Escola de Com\u00e9rcio do Porto from Portugal, CIPFP Ausi\u00e0s March Val\u00eancia from Spain, and Max Weber Berufskolleg from Germany.<br>Through a specialized MOOC, participants gained crucial Digital Skills essential for thriving in today&#8217;s job market. They shared moments of collaboration and cultural exchange, fostering a dynamic learning environment. If you want to get to know the school responsible for the MOOC on Digital Skills, you can take a virtual tour by <strong><a href=\"https:\/\/www.ecpescolacomercioporto.pt\/virtual-tour\/\">clicking here<\/a>.<\/strong><\/p><\/div><\/div>\n\n\n\n<div class=\"wp-block-uagb-container uagb-block-a56c7cfb\">\n<figure class=\"wp-block-image size-large is-resized\"><img loading=\"lazy\" decoding=\"async\" width=\"1024\" height=\"768\" src=\"https:\/\/dg4vet.ausiasmarch.net\/wp-content\/uploads\/2023\/10\/IMG-20230210-WA0001-1024x768.jpg\" alt=\"\" class=\"wp-image-1119\" style=\"aspect-ratio:1.3333333333333333;width:560px;height:auto\" srcset=\"https:\/\/dg4vet.ausiasmarch.net\/wp-content\/uploads\/2023\/10\/IMG-20230210-WA0001-1024x768.jpg 1024w, https:\/\/dg4vet.ausiasmarch.net\/wp-content\/uploads\/2023\/10\/IMG-20230210-WA0001-300x225.jpg 300w, https:\/\/dg4vet.ausiasmarch.net\/wp-content\/uploads\/2023\/10\/IMG-20230210-WA0001-768x576.jpg 768w, https:\/\/dg4vet.ausiasmarch.net\/wp-content\/uploads\/2023\/10\/IMG-20230210-WA0001-1536x1152.jpg 1536w, https:\/\/dg4vet.ausiasmarch.net\/wp-content\/uploads\/2023\/10\/IMG-20230210-WA0001.jpg 2048w\" sizes=\"auto, (max-width: 1024px) 100vw, 1024px\" \/><figcaption class=\"wp-element-caption\">Group photo on Escola de Com\u00e9rcio do Porto<\/figcaption><\/figure>\n<\/div>\n<\/div><\/div>\n\n\n\n<div class=\"wp-block-uagb-container uagb-block-163b4d44 alignfull uagb-is-root-container\"><div class=\"uagb-container-inner-blocks-wrap\">\n<div class=\"wp-block-uagb-info-box uagb-block-b76e4e8d uagb-infobox__content-wrap  uagb-infobox-icon-above-title uagb-infobox-image-valign-top\"><div class=\"uagb-ifb-content\"><div class=\"uagb-ifb-title-wrap\"><h3 class=\"uagb-ifb-title\">MOOC &#8211; Digital Skills<\/h3><\/div><p class=\"uagb-ifb-desc\">Participants stepped into the enchanting realm of &#8220;Digital Magic World&#8221; in our Digital Skills MOOC. Here, they embarked on a quest where they are the main character collecting knowledge gems and developed essential tools to defeat the powerfull dragon Laziness.<br>In this 24-bit game-style environment, learners not only gained practical digital skills for resume creation, LinkedIn optimization, and creative resume design but also engaged in a thrilling gamification experience. As they navigated through challenges and tasks, they found themselves immersed in a world where learning became an adventure.<br>By the end of the course, armed with newfound knowledge and a competitive edge, participants emerged ready to face the job market with confidence and determination.<br>This MOOC was hosted on Moodle plafform of the Spain School (CIP FP Valencia Ausias March).<\/p><div class=\"uagb-ifb-button-wrapper wp-block-button\"><a href=\"https:\/\/dg4vet.ausiasmarch.net\/?page_id=1148\" class=\"uagb-infobox-cta-link wp-block-button__link\" target=\"_self\" rel=\"noopener noreferrer\" onclick=\"return true;\" alt=\"\"><span class=\"uagb-inline-editing\">Read More<\/span><\/a><\/div><\/div><\/div>\n\n\n\n<div class=\"container-wrapper-genially\" style=\"position: relative; min-height: 400px; max-width: 100%;\"><video class=\"loader-genially\" autoplay=\"autoplay\" loop=\"loop\" playsinline=\"playsInline\" muted=\"muted\" style=\"position: absolute;top: 45%;left: 50%;transform: translate(-50%, -50%);width: 80px;height: 80px;margin-bottom: 10%\"><source src=\"https:\/\/static.genial.ly\/resources\/loader-default.mp4\" type=\"video\/mp4\" \/>Your browser does not support the video tag.<\/video><div id=\"6362a26832140e00183626a0\" class=\"genially-embed\" style=\"margin: 0px auto; position: relative; height: auto; width: 100%;\"><\/div><\/div><script>(function (d) { var js, id = \"genially-embed-js\", ref = d.getElementsByTagName(\"script\")[0]; if (d.getElementById(id)) { return; } js = d.createElement(\"script\"); js.id = id; js.async = true; js.src = \"https:\/\/view.genial.ly\/static\/embed\/embed.js\"; ref.parentNode.insertBefore(js, ref); }(document));<\/script>\n<\/div><\/div>\n\n\n\n<div class=\"wp-block-uagb-container uagb-block-f3c048c7 alignfull uagb-is-root-container\"><div class=\"uagb-container-inner-blocks-wrap\">\n<div class=\"wp-block-uagb-container uagb-block-1ff7231a\">\n<div class=\"wp-block-uagb-image uagb-block-3ac573c7 wp-block-uagb-image--layout-default wp-block-uagb-image--effect-static wp-block-uagb-image--align-none\"><figure class=\"wp-block-uagb-image__figure\"><a class=\"\" href=\"https:\/\/dg4vet.ausiasmarch.net\/?page_id=1180\" target=\"\" rel=\"noopener\"><img decoding=\"async\" srcset=\"https:\/\/dg4vet.ausiasmarch.net\/wp-content\/uploads\/2023\/11\/323428595_1163125781059139_6526343820217511823_n-1024x768.jpg \" sizes=\"auto, (max-width: 480px) 150px\" src=\"https:\/\/dg4vet.ausiasmarch.net\/wp-content\/uploads\/2023\/11\/323428595_1163125781059139_6526343820217511823_n-1024x768.jpg\" alt=\"\" class=\"uag-image-1199\" width=\"1024\" height=\"768\" title=\"\" loading=\"lazy\"\/><\/a><\/figure><\/div>\n<\/div>\n\n\n\n<div class=\"wp-block-uagb-container uagb-block-4fa5bc78\">\n<div class=\"wp-block-uagb-info-box uagb-block-d99c4fc3 uagb-infobox__content-wrap  uagb-infobox-icon-above-title uagb-infobox-image-valign-top\"><div class=\"uagb-ifb-content\"><div class=\"uagb-ifb-title-wrap\"><h3 class=\"uagb-ifb-title\">Activities<\/h3><\/div><p class=\"uagb-ifb-desc\">We (Escola de Com\u00e9rcio do Porto) hosted students and teachers from Spain and Germany during a four-day adventure in Porto, Portugal, focusing on improving digital skills and building new connections. This meeting was the first one for students related to the Digigreen4vet project. Throughout this meeting, we worked together to finish our MOOC project, learning and collaborating in a friendly atmosphere. In between our sessions, we explored the beautiful city of Porto, sharing our cultures and creating memorable experiences. Since one of the main topics of the project is sustainability, we had a presentation with a company called Lipor, the company responsible for recycling in Porto.<\/p><div class=\"uagb-ifb-button-wrapper wp-block-button\"><a href=\"https:\/\/dg4vet.ausiasmarch.net\/?page_id=1180\" class=\"uagb-infobox-cta-link wp-block-button__link\" target=\"_self\" rel=\"noopener noreferrer\" onclick=\"return true;\" alt=\"\"><span class=\"uagb-inline-editing\">Read More<\/span><\/a><\/div><\/div><\/div>\n<\/div>\n<\/div><\/div>\n","protected":false},"excerpt":{"rendered":"<p>Digital Skills Your browser does not support the video tag.<\/p>\n","protected":false},"author":2,"featured_media":0,"parent":0,"menu_order":0,"comment_status":"closed","ping_status":"closed","template":"","meta":{"_uag_custom_page_level_css":"","_monsterinsights_skip_tracking":false,"_monsterinsights_sitenote_active":false,"_monsterinsights_sitenote_note":"","_monsterinsights_sitenote_category":0,"site-sidebar-layout":"default","site-content-layout":"","ast-site-content-layout":"default","site-content-style":"default","site-sidebar-style":"default","ast-global-header-display":"","ast-banner-title-visibility":"","ast-main-header-display":"","ast-hfb-above-header-display":"","ast-hfb-below-header-display":"","ast-hfb-mobile-header-display":"","site-post-title":"disabled","ast-breadcrumbs-content":"","ast-featured-img":"","footer-sml-layout":"","theme-transparent-header-meta":"enabled","adv-header-id-meta":"","stick-header-meta":"","header-above-stick-meta":"","header-main-stick-meta":"","header-below-stick-meta":"","astra-migrate-meta-layouts":"set","ast-page-background-enabled":"default","ast-page-background-meta":{"desktop":{"background-color":"var(--ast-global-color-4)","background-image":"","background-repeat":"repeat","background-position":"center center","background-size":"auto","background-attachment":"scroll","background-type":"","background-media":"","overlay-type":"","overlay-color":"","overlay-opacity":"","overlay-gradient":""},"tablet":{"background-color":"","background-image":"","background-repeat":"repeat","background-position":"center center","background-size":"auto","background-attachment":"scroll","background-type":"","background-media":"","overlay-type":"","overlay-color":"","overlay-opacity":"","overlay-gradient":""},"mobile":{"background-color":"","background-image":"","background-repeat":"repeat","background-position":"center center","background-size":"auto","background-attachment":"scroll","background-type":"","background-media":"","overlay-type":"","overlay-color":"","overlay-opacity":"","overlay-gradient":""}},"ast-content-background-meta":{"desktop":{"background-color":"var(--ast-global-color-5)","background-image":"","background-repeat":"repeat","background-position":"center center","background-size":"auto","background-attachment":"scroll","background-type":"","background-media":"","overlay-type":"","overlay-color":"","overlay-opacity":"","overlay-gradient":""},"tablet":{"background-color":"var(--ast-global-color-5)","background-image":"","background-repeat":"repeat","background-position":"center center","background-size":"auto","background-attachment":"scroll","background-type":"","background-media":"","overlay-type":"","overlay-color":"","overlay-opacity":"","overlay-gradient":""},"mobile":{"background-color":"var(--ast-global-color-5)","background-image":"","background-repeat":"repeat","background-position":"center center","background-size":"auto","background-attachment":"scroll","background-type":"","background-media":"","overlay-type":"","overlay-color":"","overlay-opacity":"","overlay-gradient":""}},"footnotes":""},"class_list":["post-77","page","type-page","status-publish","hentry"],"uagb_featured_image_src":{"full":false,"thumbnail":false,"medium":false,"medium_large":false,"large":false,"1536x1536":false,"2048x2048":false},"uagb_author_info":{"display_name":"M\u00aa Jos\u00e9 Garc\u00eda","author_link":"https:\/\/dg4vet.ausiasmarch.net\/?author=2"},"uagb_comment_info":0,"uagb_excerpt":"Digital Skills Your browser does not support the video tag.","_links":{"self":[{"href":"https:\/\/dg4vet.ausiasmarch.net\/index.php?rest_route=\/wp\/v2\/pages\/77","targetHints":{"allow":["GET"]}}],"collection":[{"href":"https:\/\/dg4vet.ausiasmarch.net\/index.php?rest_route=\/wp\/v2\/pages"}],"about":[{"href":"https:\/\/dg4vet.ausiasmarch.net\/index.php?rest_route=\/wp\/v2\/types\/page"}],"author":[{"embeddable":true,"href":"https:\/\/dg4vet.ausiasmarch.net\/index.php?rest_route=\/wp\/v2\/users\/2"}],"replies":[{"embeddable":true,"href":"https:\/\/dg4vet.ausiasmarch.net\/index.php?rest_route=%2Fwp%2Fv2%2Fcomments&post=77"}],"version-history":[{"count":57,"href":"https:\/\/dg4vet.ausiasmarch.net\/index.php?rest_route=\/wp\/v2\/pages\/77\/revisions"}],"predecessor-version":[{"id":1318,"href":"https:\/\/dg4vet.ausiasmarch.net\/index.php?rest_route=\/wp\/v2\/pages\/77\/revisions\/1318"}],"wp:attachment":[{"href":"https:\/\/dg4vet.ausiasmarch.net\/index.php?rest_route=%2Fwp%2Fv2%2Fmedia&parent=77"}],"curies":[{"name":"wp","href":"https:\/\/api.w.org\/{rel}","templated":true}]}}